{"id":14,"date":"2020-03-08T17:00:04","date_gmt":"2020-03-08T17:00:04","guid":{"rendered":"http:\/\/dernieremarche.com\/?page_id=14"},"modified":"2025-08-23T22:26:33","modified_gmt":"2025-08-23T21:26:33","slug":"contact","status":"publish","type":"page","link":"https:\/\/dernieremarche.com\/en\/contact\/","title":{"rendered":"Contact us"},"content":{"rendered":"<p class=\"has-text-align-justify has-normal-font-size\">HOW TO REACH US<\/p>\n\n\n\n<p class=\"has-text-align-justify has-normal-font-size\">If you have any questions, please do not hesitate to send us a message. We aim to respond within 24 hours.<\/p>\n\n\n<div class=\"wp-block-image\">\n<figure class=\"aligncenter size-large is-resized\"><img loading=\"lazy\" decoding=\"async\" width=\"960\" height=\"635\" src=\"http:\/\/dernieremarche.com\/wp-content\/uploads\/2020\/04\/contact-us-2993000-960-720.jpg\" alt=\"\" class=\"wp-image-153\" style=\"width:294px;height:194px\" srcset=\"https:\/\/dernieremarche.com\/wp-content\/uploads\/2020\/04\/contact-us-2993000-960-720.jpg 960w, https:\/\/dernieremarche.com\/wp-content\/uploads\/2020\/04\/contact-us-2993000-960-720-300x198.jpg 300w, https:\/\/dernieremarche.com\/wp-content\/uploads\/2020\/04\/contact-us-2993000-960-720-768x508.jpg 768w\" sizes=\"auto, (max-width: 960px) 100vw, 960px\" \/><\/figure>\n<\/div>\n\n\n<p class=\"has-text-align-justify has-normal-font-size\">GET IN TOUCH WITH US!<br>                                                                                      Bible Studies, Support, Encouragement, Information, Purchases, Donations, Orders, Events, and Spiritual Support. <\/p>\n\n\n<div class=\"wp-block-jetpack-contact-form is-layout-flex wp-container-jetpack-contact-form-is-layout-dc45eb8d wp-block-jetpack-contact-form-is-layout-flex\"><a href=\"https:\/\/dernieremarche.com\/en\/contact\/\" target=\"_blank\" rel=\"noopener noreferrer\">Submit a form.<\/a><\/div>\n\n\n<div class=\"wp-block-jetpack-contact-info\">\n\n\n<div class=\"wp-block-jetpack-email\"><a href=\"mailto:contact@dernieremarche.com\">contact@dernieremarche.com<\/a><\/div>\n\n\n\n\n\n<div class=\"wp-block-jetpack-address\"><div class=\"jetpack-address__address jetpack-address__address2\">Pour en savoir plus contactez nous par email. Merci<\/div><\/div>\n\n\n\n<figure class=\"wp-block-image alignwide size-large\"><a href=\"https:\/\/dernieremarche.com\/wp-content\/uploads\/2025\/04\/map-of-the-world-60526_1280-e1745258603824.jpg\"><img loading=\"lazy\" decoding=\"async\" width=\"1024\" height=\"446\" src=\"https:\/\/dernieremarche.com\/wp-content\/uploads\/2025\/04\/map-of-the-world-60526_1280-e1745258603824-1024x446.jpg\" alt=\"\" class=\"wp-image-3807\" srcset=\"https:\/\/dernieremarche.com\/wp-content\/uploads\/2025\/04\/map-of-the-world-60526_1280-e1745258603824-1024x446.jpg 1024w, https:\/\/dernieremarche.com\/wp-content\/uploads\/2025\/04\/map-of-the-world-60526_1280-e1745258603824-300x131.jpg 300w, https:\/\/dernieremarche.com\/wp-content\/uploads\/2025\/04\/map-of-the-world-60526_1280-e1745258603824-768x334.jpg 768w, https:\/\/dernieremarche.com\/wp-content\/uploads\/2025\/04\/map-of-the-world-60526_1280-e1745258603824-18x8.jpg 18w, https:\/\/dernieremarche.com\/wp-content\/uploads\/2025\/04\/map-of-the-world-60526_1280-e1745258603824.jpg 1280w\" sizes=\"auto, (max-width: 1024px) 100vw, 1024px\" \/><\/a><\/figure>\n<\/div>\n\n\n<div class=\"wp-block-image is-resized\">\n<figure class=\"alignleft size-full\"><a href=\"https:\/\/dernieremarche.com\/wp-content\/uploads\/2020\/03\/cropped-mqdefault.jpg\"><img loading=\"lazy\" decoding=\"async\" width=\"320\" height=\"180\" src=\"https:\/\/dernieremarche.com\/wp-content\/uploads\/2020\/03\/cropped-mqdefault.jpg\" alt=\"\" class=\"wp-image-298\" srcset=\"https:\/\/dernieremarche.com\/wp-content\/uploads\/2020\/03\/cropped-mqdefault.jpg 320w, https:\/\/dernieremarche.com\/wp-content\/uploads\/2020\/03\/cropped-mqdefault-300x169.jpg 300w\" sizes=\"auto, (max-width: 320px) 100vw, 320px\" \/><\/a><\/figure>\n<\/div>\n\n\n<p class=\"has-text-align-justify has-normal-font-size\"><span class=\"has-inline-color has-very-dark-gray-color\">Mat 28:20  Teaching them to observe all things whatsoever I have commanded you: and, lo, I am with you alway, even unto the end of the world. Amen.<\/span><\/p>","protected":false},"excerpt":{"rendered":"<p>COMMENT NOUS JOINDRE Si vous avez des questions, n&rsquo;h\u00e9sitez pas \u00e0 nous envoyer un message. Nous nous effor\u00e7ons de r\u00e9pondre dans les 24 heures. GET IN TOUCH WITH US! \u00c9tudes Bibliques, Support, Encouragement, Information, Achats, Dons, Commandes, \u00c9v\u00e9nements, et Soutient spirituel. Matthieu 28:20 &#8230;Et voici, je suis avec vous tous les jours, jusqu&rsquo;\u00e0 la fin du monde.<\/p>","protected":false},"author":1,"featured_media":60,"parent":0,"menu_order":0,"comment_status":"closed","ping_status":"closed","template":"","meta":{"_uag_custom_page_level_css":"","two_page_speed":[],"footnotes":""},"class_list":["post-14","page","type-page","status-publish","has-post-thumbnail","hentry"],"yoast_head":"<!-- This site is optimized with the Yoast SEO plugin v27.4 - https:\/\/yoast.com\/product\/yoast-seo-wordpress\/ -->\n<title>Nous Contacter - Derni\u00e8re Marche<\/title>\n<meta name=\"robots\" content=\"index, follow, max-snippet:-1, max-image-preview:large, max-video-preview:-1\" \/>\n<link rel=\"canonical\" href=\"https:\/\/dernieremarche.com\/en\/contact\/\" \/>\n<meta property=\"og:locale\" content=\"en_GB\" \/>\n<meta property=\"og:type\" content=\"article\" \/>\n<meta property=\"og:title\" content=\"Nous Contacter - Derni\u00e8re Marche\" \/>\n<meta property=\"og:description\" content=\"COMMENT NOUS JOINDRE Si vous avez des questions, n&rsquo;h\u00e9sitez pas \u00e0 nous envoyer un message. Nous nous effor\u00e7ons de r\u00e9pondre dans les 24 heures. GET IN TOUCH WITH US! \u00c9tudes Bibliques, Support, Encouragement, Information, Achats, Dons, Commandes, \u00c9v\u00e9nements, et Soutient spirituel. Matthieu 28:20 &#8230;Et voici, je suis avec vous tous les jours, jusqu&rsquo;\u00e0 la fin du monde.\" \/>\n<meta property=\"og:url\" content=\"https:\/\/dernieremarche.com\/en\/contact\/\" \/>\n<meta property=\"og:site_name\" content=\"Derni\u00e8re Marche\" \/>\n<meta property=\"article:modified_time\" content=\"2025-08-23T21:26:33+00:00\" \/>\n<meta property=\"og:image\" content=\"https:\/\/dernieremarche.com\/wp-content\/uploads\/2020\/03\/youtubeBackground2-e1593544803316.jpg\" \/>\n\t<meta property=\"og:image:width\" content=\"1000\" \/>\n\t<meta property=\"og:image:height\" content=\"433\" \/>\n\t<meta property=\"og:image:type\" content=\"image\/jpeg\" \/>\n<meta name=\"twitter:card\" content=\"summary_large_image\" \/>\n<meta name=\"twitter:site\" content=\"@msgpournotretps\" \/>\n<meta name=\"twitter:label1\" content=\"Estimated reading time\" \/>\n\t<meta name=\"twitter:data1\" content=\"2 minutes\" \/>\n<script type=\"application\/ld+json\" class=\"yoast-schema-graph\">{\"@context\":\"https:\\\/\\\/schema.org\",\"@graph\":[{\"@type\":\"WebPage\",\"@id\":\"https:\\\/\\\/dernieremarche.com\\\/contact\\\/\",\"url\":\"https:\\\/\\\/dernieremarche.com\\\/contact\\\/\",\"name\":\"Nous Contacter - Derni\u00e8re Marche\",\"isPartOf\":{\"@id\":\"https:\\\/\\\/dernieremarche.com\\\/#website\"},\"primaryImageOfPage\":{\"@id\":\"https:\\\/\\\/dernieremarche.com\\\/contact\\\/#primaryimage\"},\"image\":{\"@id\":\"https:\\\/\\\/dernieremarche.com\\\/contact\\\/#primaryimage\"},\"thumbnailUrl\":\"https:\\\/\\\/dernieremarche.com\\\/wp-content\\\/uploads\\\/2020\\\/03\\\/youtubeBackground2-e1593544803316.jpg\",\"datePublished\":\"2020-03-08T17:00:04+00:00\",\"dateModified\":\"2025-08-23T21:26:33+00:00\",\"breadcrumb\":{\"@id\":\"https:\\\/\\\/dernieremarche.com\\\/contact\\\/#breadcrumb\"},\"inLanguage\":\"en-GB\",\"potentialAction\":[{\"@type\":\"ReadAction\",\"target\":[\"https:\\\/\\\/dernieremarche.com\\\/contact\\\/\"]}]},{\"@type\":\"ImageObject\",\"inLanguage\":\"en-GB\",\"@id\":\"https:\\\/\\\/dernieremarche.com\\\/contact\\\/#primaryimage\",\"url\":\"https:\\\/\\\/dernieremarche.com\\\/wp-content\\\/uploads\\\/2020\\\/03\\\/youtubeBackground2-e1593544803316.jpg\",\"contentUrl\":\"https:\\\/\\\/dernieremarche.com\\\/wp-content\\\/uploads\\\/2020\\\/03\\\/youtubeBackground2-e1593544803316.jpg\",\"width\":1000,\"height\":433,\"caption\":\"Le Juste Vivra Par La Foi. Romains 1:17\"},{\"@type\":\"BreadcrumbList\",\"@id\":\"https:\\\/\\\/dernieremarche.com\\\/contact\\\/#breadcrumb\",\"itemListElement\":[{\"@type\":\"ListItem\",\"position\":1,\"name\":\"Accueil\",\"item\":\"https:\\\/\\\/dernieremarche.com\\\/\"},{\"@type\":\"ListItem\",\"position\":2,\"name\":\"Nous Contacter\"}]},{\"@type\":\"WebSite\",\"@id\":\"https:\\\/\\\/dernieremarche.com\\\/#website\",\"url\":\"https:\\\/\\\/dernieremarche.com\\\/\",\"name\":\"Derni\u00e8re Marche\",\"description\":\"&quot;Le juste vivra par la foi&quot; - Romains 1:17\",\"publisher\":{\"@id\":\"https:\\\/\\\/dernieremarche.com\\\/#organization\"},\"potentialAction\":[{\"@type\":\"SearchAction\",\"target\":{\"@type\":\"EntryPoint\",\"urlTemplate\":\"https:\\\/\\\/dernieremarche.com\\\/?s={search_term_string}\"},\"query-input\":{\"@type\":\"PropertyValueSpecification\",\"valueRequired\":true,\"valueName\":\"search_term_string\"}}],\"inLanguage\":\"en-GB\"},{\"@type\":\"Organization\",\"@id\":\"https:\\\/\\\/dernieremarche.com\\\/#organization\",\"name\":\"Derni\u00e8re Marche\",\"url\":\"https:\\\/\\\/dernieremarche.com\\\/\",\"logo\":{\"@type\":\"ImageObject\",\"inLanguage\":\"en-GB\",\"@id\":\"https:\\\/\\\/dernieremarche.com\\\/#\\\/schema\\\/logo\\\/image\\\/\",\"url\":\"https:\\\/\\\/dernieremarche.com\\\/wp-content\\\/uploads\\\/2025\\\/11\\\/cropped-Gemini_Generated_Image_561h5x561h5x561h-e1763812583468.png\",\"contentUrl\":\"https:\\\/\\\/dernieremarche.com\\\/wp-content\\\/uploads\\\/2025\\\/11\\\/cropped-Gemini_Generated_Image_561h5x561h5x561h-e1763812583468.png\",\"width\":92,\"height\":80,\"caption\":\"Derni\u00e8re Marche\"},\"image\":{\"@id\":\"https:\\\/\\\/dernieremarche.com\\\/#\\\/schema\\\/logo\\\/image\\\/\"},\"sameAs\":[\"https:\\\/\\\/x.com\\\/msgpournotretps\",\"https:\\\/\\\/www.youtube.com\\\/channel\\\/UCS9h9sfUuHTTw1j42P1r0jQ?view_as=subscriber\"]}]}<\/script>\n<!-- \/ Yoast SEO plugin. -->","yoast_head_json":{"title":"Nous Contacter - Derni\u00e8re Marche","robots":{"index":"index","follow":"follow","max-snippet":"max-snippet:-1","max-image-preview":"max-image-preview:large","max-video-preview":"max-video-preview:-1"},"canonical":"https:\/\/dernieremarche.com\/en\/contact\/","og_locale":"en_GB","og_type":"article","og_title":"Nous Contacter - Derni\u00e8re Marche","og_description":"COMMENT NOUS JOINDRE Si vous avez des questions, n&rsquo;h\u00e9sitez pas \u00e0 nous envoyer un message. Nous nous effor\u00e7ons de r\u00e9pondre dans les 24 heures. GET IN TOUCH WITH US! \u00c9tudes Bibliques, Support, Encouragement, Information, Achats, Dons, Commandes, \u00c9v\u00e9nements, et Soutient spirituel. Matthieu 28:20 &#8230;Et voici, je suis avec vous tous les jours, jusqu&rsquo;\u00e0 la fin du monde.","og_url":"https:\/\/dernieremarche.com\/en\/contact\/","og_site_name":"Derni\u00e8re Marche","article_modified_time":"2025-08-23T21:26:33+00:00","og_image":[{"width":1000,"height":433,"url":"https:\/\/dernieremarche.com\/wp-content\/uploads\/2020\/03\/youtubeBackground2-e1593544803316.jpg","type":"image\/jpeg"}],"twitter_card":"summary_large_image","twitter_site":"@msgpournotretps","twitter_misc":{"Estimated reading time":"2 minutes"},"schema":{"@context":"https:\/\/schema.org","@graph":[{"@type":"WebPage","@id":"https:\/\/dernieremarche.com\/contact\/","url":"https:\/\/dernieremarche.com\/contact\/","name":"Nous Contacter - Derni\u00e8re Marche","isPartOf":{"@id":"https:\/\/dernieremarche.com\/#website"},"primaryImageOfPage":{"@id":"https:\/\/dernieremarche.com\/contact\/#primaryimage"},"image":{"@id":"https:\/\/dernieremarche.com\/contact\/#primaryimage"},"thumbnailUrl":"https:\/\/dernieremarche.com\/wp-content\/uploads\/2020\/03\/youtubeBackground2-e1593544803316.jpg","datePublished":"2020-03-08T17:00:04+00:00","dateModified":"2025-08-23T21:26:33+00:00","breadcrumb":{"@id":"https:\/\/dernieremarche.com\/contact\/#breadcrumb"},"inLanguage":"en-GB","potentialAction":[{"@type":"ReadAction","target":["https:\/\/dernieremarche.com\/contact\/"]}]},{"@type":"ImageObject","inLanguage":"en-GB","@id":"https:\/\/dernieremarche.com\/contact\/#primaryimage","url":"https:\/\/dernieremarche.com\/wp-content\/uploads\/2020\/03\/youtubeBackground2-e1593544803316.jpg","contentUrl":"https:\/\/dernieremarche.com\/wp-content\/uploads\/2020\/03\/youtubeBackground2-e1593544803316.jpg","width":1000,"height":433,"caption":"Le Juste Vivra Par La Foi. Romains 1:17"},{"@type":"BreadcrumbList","@id":"https:\/\/dernieremarche.com\/contact\/#breadcrumb","itemListElement":[{"@type":"ListItem","position":1,"name":"Accueil","item":"https:\/\/dernieremarche.com\/"},{"@type":"ListItem","position":2,"name":"Nous Contacter"}]},{"@type":"WebSite","@id":"https:\/\/dernieremarche.com\/#website","url":"https:\/\/dernieremarche.com\/","name":"Derni\u00e8re Marche","description":"&quot;Le juste vivra par la foi&quot; - Romains 1:17","publisher":{"@id":"https:\/\/dernieremarche.com\/#organization"},"potentialAction":[{"@type":"SearchAction","target":{"@type":"EntryPoint","urlTemplate":"https:\/\/dernieremarche.com\/?s={search_term_string}"},"query-input":{"@type":"PropertyValueSpecification","valueRequired":true,"valueName":"search_term_string"}}],"inLanguage":"en-GB"},{"@type":"Organization","@id":"https:\/\/dernieremarche.com\/#organization","name":"Derni\u00e8re Marche","url":"https:\/\/dernieremarche.com\/","logo":{"@type":"ImageObject","inLanguage":"en-GB","@id":"https:\/\/dernieremarche.com\/#\/schema\/logo\/image\/","url":"https:\/\/dernieremarche.com\/wp-content\/uploads\/2025\/11\/cropped-Gemini_Generated_Image_561h5x561h5x561h-e1763812583468.png","contentUrl":"https:\/\/dernieremarche.com\/wp-content\/uploads\/2025\/11\/cropped-Gemini_Generated_Image_561h5x561h5x561h-e1763812583468.png","width":92,"height":80,"caption":"Derni\u00e8re Marche"},"image":{"@id":"https:\/\/dernieremarche.com\/#\/schema\/logo\/image\/"},"sameAs":["https:\/\/x.com\/msgpournotretps","https:\/\/www.youtube.com\/channel\/UCS9h9sfUuHTTw1j42P1r0jQ?view_as=subscriber"]}]}},"uagb_featured_image_src":{"full":["https:\/\/dernieremarche.com\/wp-content\/uploads\/2020\/03\/youtubeBackground2-e1593544803316.jpg",1000,433,false],"thumbnail":["https:\/\/dernieremarche.com\/wp-content\/uploads\/2020\/03\/youtubeBackground2-150x150.jpg",150,150,true],"medium":["https:\/\/dernieremarche.com\/wp-content\/uploads\/2020\/03\/youtubeBackground2-300x130.jpg",300,130,true],"medium_large":["https:\/\/dernieremarche.com\/wp-content\/uploads\/2020\/03\/youtubeBackground2-768x332.jpg",768,332,true],"large":["https:\/\/dernieremarche.com\/wp-content\/uploads\/2020\/03\/youtubeBackground2-1024x443.jpg",1024,443,true],"1536x1536":["https:\/\/dernieremarche.com\/wp-content\/uploads\/2020\/03\/youtubeBackground2-1536x665.jpg",1536,665,true],"2048x2048":["https:\/\/dernieremarche.com\/wp-content\/uploads\/2020\/03\/youtubeBackground2-2048x886.jpg",2048,886,true],"trp-custom-language-flag":["https:\/\/dernieremarche.com\/wp-content\/uploads\/2020\/03\/youtubeBackground2-e1593544803316.jpg",18,8,false],"fold-featured-image":["https:\/\/dernieremarche.com\/wp-content\/uploads\/2020\/03\/youtubeBackground2-e1593544803316.jpg",1000,433,false],"fold-thumbnail-avatar":["https:\/\/dernieremarche.com\/wp-content\/uploads\/2020\/03\/youtubeBackground2-e1593544803316.jpg",90,39,false],"tenweb_optimizer_mobile":["https:\/\/dernieremarche.com\/wp-content\/uploads\/2020\/03\/youtubeBackground2-e1593544803316.jpg",600,260,false],"tenweb_optimizer_tablet":["https:\/\/dernieremarche.com\/wp-content\/uploads\/2020\/03\/youtubeBackground2-e1593544803316.jpg",768,333,false]},"uagb_author_info":{"display_name":"admin6525","author_link":"https:\/\/dernieremarche.com\/en\/author\/admin6525\/"},"uagb_comment_info":0,"uagb_excerpt":"COMMENT NOUS JOINDRE Si vous avez des questions, n&rsquo;h\u00e9sitez pas \u00e0 nous envoyer un message. Nous nous effor\u00e7ons de r\u00e9pondre dans les 24 heures. GET IN TOUCH WITH US! \u00c9tudes Bibliques, Support, Encouragement, Information, Achats, Dons, Commandes, \u00c9v\u00e9nements, et Soutient spirituel. Matthieu 28:20 &#8230;Et voici, je suis avec vous tous les jours, jusqu&rsquo;\u00e0 la fin&hellip;","jetpack_sharing_enabled":true,"_links":{"self":[{"href":"https:\/\/dernieremarche.com\/en\/wp-json\/wp\/v2\/pages\/14","targetHints":{"allow":["GET"]}}],"collection":[{"href":"https:\/\/dernieremarche.com\/en\/wp-json\/wp\/v2\/pages"}],"about":[{"href":"https:\/\/dernieremarche.com\/en\/wp-json\/wp\/v2\/types\/page"}],"author":[{"embeddable":true,"href":"https:\/\/dernieremarche.com\/en\/wp-json\/wp\/v2\/users\/1"}],"replies":[{"embeddable":true,"href":"https:\/\/dernieremarche.com\/en\/wp-json\/wp\/v2\/comments?post=14"}],"version-history":[{"count":23,"href":"https:\/\/dernieremarche.com\/en\/wp-json\/wp\/v2\/pages\/14\/revisions"}],"predecessor-version":[{"id":4433,"href":"https:\/\/dernieremarche.com\/en\/wp-json\/wp\/v2\/pages\/14\/revisions\/4433"}],"wp:featuredmedia":[{"embeddable":true,"href":"https:\/\/dernieremarche.com\/en\/wp-json\/wp\/v2\/media\/60"}],"wp:attachment":[{"href":"https:\/\/dernieremarche.com\/en\/wp-json\/wp\/v2\/media?parent=14"}],"curies":[{"name":"wp","href":"https:\/\/api.w.org\/{rel}","templated":true}]}}