{"id":3775,"date":"2025-04-21T18:45:53","date_gmt":"2025-04-21T17:45:53","guid":{"rendered":"https:\/\/dernieremarche.com\/?page_id=3775"},"modified":"2026-02-15T11:29:33","modified_gmt":"2026-02-15T11:29:33","slug":"etudes-biblique","status":"publish","type":"page","link":"https:\/\/dernieremarche.com\/en\/etudes-biblique\/","title":{"rendered":"\u00c9tudes Biblique"},"content":{"rendered":"<p class=\"has-text-align-justify has-black-color has-text-color\">Derni\u00e8re Marche et notre Seigneur J\u00e9sus souhaitons vous aider \u00e0 mieux comprendre la Bible. C&rsquo;est pour cela que nous mettons \u00e0 votre disposition diff\u00e9rent moyen d&rsquo;\u00e9tudes Biblique\u202f; qu&rsquo;il s&rsquo;agisse de grands th\u00e8mes doctrinaux, de la proph\u00e9tie biblique ou de l&rsquo;histoire de l&rsquo;humanit\u00e9.<\/p>\n\n\n\n<p class=\"has-text-align-justify has-black-color has-text-color\">Vous pouvez aussi trouver des r\u00e9ponses pour faire face aux probl\u00e8mes et aux d\u00e9fis auxquels vous \u00eates confront\u00e9s chaque jour. Pour commencer \u00e0 utiliser ces guides d&rsquo;\u00e9tude biblique gratuits, il vous suffit de s\u00e9lectionner une s\u00e9rie d&rsquo;\u00e9tudes bibliques ci-dessous.<\/p>\n\n\n\n<hr class=\"wp-block-separator has-css-opacity\"\/>\n\n\n<div class=\"wp-block-image\">\n<figure class=\"alignleft size-large is-resized\"><img loading=\"lazy\" decoding=\"async\" width=\"1024\" height=\"687\" src=\"https:\/\/dernieremarche.com\/wp-content\/uploads\/2021\/01\/bible-et-bougie-1024x687.jpg\" alt=\"\" class=\"wp-image-3235\" style=\"width:275px;height:184px\" srcset=\"https:\/\/dernieremarche.com\/wp-content\/uploads\/2021\/01\/bible-et-bougie-1024x687.jpg 1024w, https:\/\/dernieremarche.com\/wp-content\/uploads\/2021\/01\/bible-et-bougie-300x201.jpg 300w, https:\/\/dernieremarche.com\/wp-content\/uploads\/2021\/01\/bible-et-bougie-768x515.jpg 768w, https:\/\/dernieremarche.com\/wp-content\/uploads\/2021\/01\/bible-et-bougie-1536x1031.jpg 1536w, https:\/\/dernieremarche.com\/wp-content\/uploads\/2021\/01\/bible-et-bougie.jpg 1980w\" sizes=\"auto, (max-width: 1024px) 100vw, 1024px\" \/><\/figure>\n<\/div>\n\n\n<h4 class=\"wp-block-heading\">Lire la Bible en 1 an (\u00e0 utiliser en groupe ou individuellement)<\/h4>\n\n\n\n<p class=\"has-text-align-justify\">Bienvenue au plan de lecture de la Bible en un an ! Tenter de lire de la Gen\u00e8se \u00e0 l&rsquo;Apocalypse d\u00e9courage beaucoup de gens lorsqu&rsquo;ils se retrouvent rapidement dans des sections difficiles \u00e0 comprendre. C&rsquo;est pour cela que nous avons con\u00e7u un plan de lecture adapt\u00e9e. <\/p>\n\n\n\n<ol class=\"wp-block-list\">\n<li> Plan : Pour vous faire d\u00e9couvrir la Bible pour la premi\u00e8re fois ainsi que des parties les plus int\u00e9ressantes de la Bible et cela ne vous prendra pas plus de 15 \u00e0 20 minutes par jour. <\/li>\n<\/ol>\n\n\n\n<div class=\"wp-block-file aligncenter\"><a id=\"wp-block-file--media-8706b92e-3461-46c1-b890-8344de4bdc3e\" href=\"https:\/\/dernieremarche.com\/wp-content\/uploads\/2021\/01\/bb-lectplan-1.pdf\" target=\"_blank\" rel=\"noreferrer noopener\">bb-lectplan-1<\/a><a href=\"https:\/\/dernieremarche.com\/wp-content\/uploads\/2021\/01\/bb-lectplan-1.pdf\" class=\"wp-block-file__button wp-element-button\" download aria-describedby=\"wp-block-file--media-8706b92e-3461-46c1-b890-8344de4bdc3e\">Download<\/a><\/div>\n\n\n\n<div style=\"height:32px\" aria-hidden=\"true\" class=\"wp-block-spacer\"><\/div>\n\n\n\n<hr class=\"wp-block-separator has-css-opacity is-style-wide\"\/>\n\n\n\n<h3 class=\"wp-block-heading\">Cours<\/h3>\n\n\n<div class=\"wp-block-image\">\n<figure class=\"alignleft size-large is-resized\"><img loading=\"lazy\" decoding=\"async\" width=\"419\" height=\"120\" src=\"https:\/\/dernieremarche.com\/wp-content\/uploads\/2021\/01\/images-2.jpg\" alt=\"\" class=\"wp-image-3225\" style=\"width:295px;height:85px\" srcset=\"https:\/\/dernieremarche.com\/wp-content\/uploads\/2021\/01\/images-2.jpg 419w, https:\/\/dernieremarche.com\/wp-content\/uploads\/2021\/01\/images-2-300x86.jpg 300w\" sizes=\"auto, (max-width: 419px) 100vw, 419px\" \/><\/figure>\n<\/div>\n\n\n<h4 class=\"wp-block-heading\">Croyance Fondamentale<\/h4>\n\n\n\n<p class=\"has-text-align-justify\">DM vous offre des guides d&rsquo;\u00e9tude de la Bible sur les piliers de foi biblique. Ces guides sont simples, faciles \u00e0 utiliser et vous apportent une meilleure compr\u00e9hension de la Bible.<\/p>\n\n\n\n<div class=\"wp-block-buttons is-content-justification-center is-layout-flex wp-container-core-buttons-is-layout-16018d1d wp-block-buttons-is-layout-flex\">\n<div class=\"wp-block-button\"><a class=\"wp-block-button__link wp-element-button\" href=\"https:\/\/dernieremarche.com\/en\/page-d-exemple\/contact\/\">\u00c9tudes en Zoom meetings<\/a><\/div>\n\n\n\n<div class=\"wp-block-button\"><a class=\"wp-block-button__link wp-element-button\" href=\"https:\/\/dernieremarche.com\/en\/page-d-exemple\/contact\/\">\u00c9tudes par Courriel<\/a><\/div>\n<\/div>\n\n\n\n<div style=\"height:35px\" aria-hidden=\"true\" class=\"wp-block-spacer\"><\/div>\n\n\n\n<hr class=\"wp-block-separator has-css-opacity\"\/>\n\n\n<div class=\"wp-block-image\">\n<figure class=\"alignleft size-large is-resized\"><img loading=\"lazy\" decoding=\"async\" width=\"413\" height=\"251\" src=\"https:\/\/dernieremarche.com\/wp-content\/uploads\/2021\/01\/cours-biblique-bible-etude.jpg\" alt=\"\" class=\"wp-image-3239\" style=\"width:291px;height:177px\" srcset=\"https:\/\/dernieremarche.com\/wp-content\/uploads\/2021\/01\/cours-biblique-bible-etude.jpg 413w, https:\/\/dernieremarche.com\/wp-content\/uploads\/2021\/01\/cours-biblique-bible-etude-300x182.jpg 300w\" sizes=\"auto, (max-width: 413px) 100vw, 413px\" \/><\/figure>\n<\/div>\n\n\n<h4 class=\"wp-block-heading\">La Bible &amp; Les Proph\u00e9ties<\/h4>\n\n\n\n<p class=\"has-text-align-justify\">L&rsquo;\u00e9tude des proph\u00e9ties est capitale dans la compr\u00e9hension de la Bible. Vous apprendrez que Dieu a utilis\u00e9 les proph\u00e8tes pour parler \u00e0 son peuple\u202f; de ses plans d&rsquo;avenir pour eux ainsi que pour notre plan\u00e8te, mais aussi sur les cons\u00e9quences des actions de rebellions. Ces \u00e9tudes sont principalement sur les livres de Daniel et de l&rsquo;Apocalypse chapitre par chapitre. D\u00e9couvrez comment la Bible pr\u00e9dit avec pr\u00e9cision l&rsquo;ascension et la chute des nations. Comprenez la signification de la marque de la b\u00eate, de l&rsquo;Ant\u00e9christ et du Mill\u00e9naire.<\/p>\n\n\n\n<div class=\"wp-block-buttons is-content-justification-center is-layout-flex wp-container-core-buttons-is-layout-16018d1d wp-block-buttons-is-layout-flex\">\n<div class=\"wp-block-button\"><a class=\"wp-block-button__link wp-element-button\" href=\"https:\/\/dernieremarche.com\/en\/page-d-exemple\/contact\/\">\u00c9tudes en Zoom meetings<\/a><\/div>\n\n\n\n<div class=\"wp-block-button\"><a class=\"wp-block-button__link wp-element-button\" href=\"https:\/\/dernieremarche.com\/en\/page-d-exemple\/contact\/\">\u00c9tudes par Courriel<\/a><\/div>\n<\/div>\n\n\n\n<div style=\"height:36px\" aria-hidden=\"true\" class=\"wp-block-spacer\"><\/div>\n\n\n\n<hr class=\"wp-block-separator has-css-opacity is-style-wide\"\/>\n\n\n\n<p><\/p>","protected":false},"excerpt":{"rendered":"<p>Derni\u00e8re Marche et notre Seigneur J\u00e9sus souhaitons vous aider \u00e0 mieux comprendre la Bible. C&rsquo;est pour cela que nous mettons \u00e0 votre disposition diff\u00e9rent moyen d&rsquo;\u00e9tudes Biblique\u202f; qu&rsquo;il s&rsquo;agisse de grands th\u00e8mes doctrinaux, de la proph\u00e9tie biblique ou de l&rsquo;histoire de l&rsquo;humanit\u00e9. Vous pouvez aussi trouver des r\u00e9ponses pour faire face aux probl\u00e8mes et aux d\u00e9fis auxquels vous \u00eates confront\u00e9s chaque jour. Pour commencer \u00e0 utiliser ces guides d&rsquo;\u00e9tude biblique gratuits, il vous suffit de &hellip; <\/p>\n<p class=\"link-more\"><a href=\"https:\/\/dernieremarche.com\/en\/etudes-biblique\/\" class=\"more-link btn btn-outline-primary\" title=\"\u00c9tudes Biblique\" aria-hidden=\"true\"><span class=\"fas fa-eye\"><\/span> Continue reading<\/a><\/p>","protected":false},"author":1,"featured_media":3777,"parent":0,"menu_order":0,"comment_status":"closed","ping_status":"closed","template":"","meta":{"_uag_custom_page_level_css":"","two_page_speed":[],"footnotes":""},"class_list":["post-3775","page","type-page","status-publish","has-post-thumbnail","hentry"],"yoast_head":"<!-- This site is optimized with the Yoast SEO plugin v27.4 - https:\/\/yoast.com\/product\/yoast-seo-wordpress\/ -->\n<title>\u00c9tudes Biblique - Derni\u00e8re Marche<\/title>\n<meta name=\"robots\" content=\"index, follow, max-snippet:-1, max-image-preview:large, max-video-preview:-1\" \/>\n<link rel=\"canonical\" href=\"https:\/\/dernieremarche.com\/en\/etudes-biblique\/\" \/>\n<meta property=\"og:locale\" content=\"en_GB\" \/>\n<meta property=\"og:type\" content=\"article\" \/>\n<meta property=\"og:title\" content=\"\u00c9tudes Biblique - Derni\u00e8re Marche\" \/>\n<meta property=\"og:description\" content=\"Derni\u00e8re Marche et notre Seigneur J\u00e9sus souhaitons vous aider \u00e0 mieux comprendre la Bible. C&rsquo;est pour cela que nous mettons \u00e0 votre disposition diff\u00e9rent moyen d&rsquo;\u00e9tudes Biblique\u202f; qu&rsquo;il s&rsquo;agisse de grands th\u00e8mes doctrinaux, de la proph\u00e9tie biblique ou de l&rsquo;histoire de l&rsquo;humanit\u00e9. Vous pouvez aussi trouver des r\u00e9ponses pour faire face aux probl\u00e8mes et aux d\u00e9fis auxquels vous \u00eates confront\u00e9s chaque jour. Pour commencer \u00e0 utiliser ces guides d&rsquo;\u00e9tude biblique gratuits, il vous suffit de &hellip; Continue reading\" \/>\n<meta property=\"og:url\" content=\"https:\/\/dernieremarche.com\/en\/etudes-biblique\/\" \/>\n<meta property=\"og:site_name\" content=\"Derni\u00e8re Marche\" \/>\n<meta property=\"article:modified_time\" content=\"2026-02-15T11:29:33+00:00\" \/>\n<meta property=\"og:image\" content=\"https:\/\/dernieremarche.com\/wp-content\/uploads\/2025\/04\/people-2604165_1280.jpg\" \/>\n\t<meta property=\"og:image:width\" content=\"1280\" \/>\n\t<meta property=\"og:image:height\" content=\"854\" \/>\n\t<meta property=\"og:image:type\" content=\"image\/jpeg\" \/>\n<meta name=\"twitter:card\" content=\"summary_large_image\" \/>\n<meta name=\"twitter:site\" content=\"@msgpournotretps\" \/>\n<meta name=\"twitter:label1\" content=\"Estimated reading time\" \/>\n\t<meta name=\"twitter:data1\" content=\"3 minutes\" \/>\n<script type=\"application\/ld+json\" class=\"yoast-schema-graph\">{\"@context\":\"https:\\\/\\\/schema.org\",\"@graph\":[{\"@type\":\"WebPage\",\"@id\":\"https:\\\/\\\/dernieremarche.com\\\/etudes-biblique\\\/\",\"url\":\"https:\\\/\\\/dernieremarche.com\\\/etudes-biblique\\\/\",\"name\":\"\u00c9tudes Biblique - Derni\u00e8re Marche\",\"isPartOf\":{\"@id\":\"https:\\\/\\\/dernieremarche.com\\\/#website\"},\"primaryImageOfPage\":{\"@id\":\"https:\\\/\\\/dernieremarche.com\\\/etudes-biblique\\\/#primaryimage\"},\"image\":{\"@id\":\"https:\\\/\\\/dernieremarche.com\\\/etudes-biblique\\\/#primaryimage\"},\"thumbnailUrl\":\"https:\\\/\\\/dernieremarche.com\\\/wp-content\\\/uploads\\\/2025\\\/04\\\/people-2604165_1280.jpg\",\"datePublished\":\"2025-04-21T17:45:53+00:00\",\"dateModified\":\"2026-02-15T11:29:33+00:00\",\"breadcrumb\":{\"@id\":\"https:\\\/\\\/dernieremarche.com\\\/etudes-biblique\\\/#breadcrumb\"},\"inLanguage\":\"en-GB\",\"potentialAction\":[{\"@type\":\"ReadAction\",\"target\":[\"https:\\\/\\\/dernieremarche.com\\\/etudes-biblique\\\/\"]}]},{\"@type\":\"ImageObject\",\"inLanguage\":\"en-GB\",\"@id\":\"https:\\\/\\\/dernieremarche.com\\\/etudes-biblique\\\/#primaryimage\",\"url\":\"https:\\\/\\\/dernieremarche.com\\\/wp-content\\\/uploads\\\/2025\\\/04\\\/people-2604165_1280.jpg\",\"contentUrl\":\"https:\\\/\\\/dernieremarche.com\\\/wp-content\\\/uploads\\\/2025\\\/04\\\/people-2604165_1280.jpg\",\"width\":1280,\"height\":854},{\"@type\":\"BreadcrumbList\",\"@id\":\"https:\\\/\\\/dernieremarche.com\\\/etudes-biblique\\\/#breadcrumb\",\"itemListElement\":[{\"@type\":\"ListItem\",\"position\":1,\"name\":\"Accueil\",\"item\":\"https:\\\/\\\/dernieremarche.com\\\/\"},{\"@type\":\"ListItem\",\"position\":2,\"name\":\"\u00c9tudes Biblique\"}]},{\"@type\":\"WebSite\",\"@id\":\"https:\\\/\\\/dernieremarche.com\\\/#website\",\"url\":\"https:\\\/\\\/dernieremarche.com\\\/\",\"name\":\"Derni\u00e8re Marche\",\"description\":\"&quot;Le juste vivra par la foi&quot; - Romains 1:17\",\"publisher\":{\"@id\":\"https:\\\/\\\/dernieremarche.com\\\/#organization\"},\"potentialAction\":[{\"@type\":\"SearchAction\",\"target\":{\"@type\":\"EntryPoint\",\"urlTemplate\":\"https:\\\/\\\/dernieremarche.com\\\/?s={search_term_string}\"},\"query-input\":{\"@type\":\"PropertyValueSpecification\",\"valueRequired\":true,\"valueName\":\"search_term_string\"}}],\"inLanguage\":\"en-GB\"},{\"@type\":\"Organization\",\"@id\":\"https:\\\/\\\/dernieremarche.com\\\/#organization\",\"name\":\"Derni\u00e8re Marche\",\"url\":\"https:\\\/\\\/dernieremarche.com\\\/\",\"logo\":{\"@type\":\"ImageObject\",\"inLanguage\":\"en-GB\",\"@id\":\"https:\\\/\\\/dernieremarche.com\\\/#\\\/schema\\\/logo\\\/image\\\/\",\"url\":\"https:\\\/\\\/dernieremarche.com\\\/wp-content\\\/uploads\\\/2025\\\/11\\\/cropped-Gemini_Generated_Image_561h5x561h5x561h-e1763812583468.png\",\"contentUrl\":\"https:\\\/\\\/dernieremarche.com\\\/wp-content\\\/uploads\\\/2025\\\/11\\\/cropped-Gemini_Generated_Image_561h5x561h5x561h-e1763812583468.png\",\"width\":92,\"height\":80,\"caption\":\"Derni\u00e8re Marche\"},\"image\":{\"@id\":\"https:\\\/\\\/dernieremarche.com\\\/#\\\/schema\\\/logo\\\/image\\\/\"},\"sameAs\":[\"https:\\\/\\\/x.com\\\/msgpournotretps\",\"https:\\\/\\\/www.youtube.com\\\/channel\\\/UCS9h9sfUuHTTw1j42P1r0jQ?view_as=subscriber\"]}]}<\/script>\n<!-- \/ Yoast SEO plugin. -->","yoast_head_json":{"title":"\u00c9tudes Biblique - Derni\u00e8re Marche","robots":{"index":"index","follow":"follow","max-snippet":"max-snippet:-1","max-image-preview":"max-image-preview:large","max-video-preview":"max-video-preview:-1"},"canonical":"https:\/\/dernieremarche.com\/en\/etudes-biblique\/","og_locale":"en_GB","og_type":"article","og_title":"\u00c9tudes Biblique - Derni\u00e8re Marche","og_description":"Derni\u00e8re Marche et notre Seigneur J\u00e9sus souhaitons vous aider \u00e0 mieux comprendre la Bible. C&rsquo;est pour cela que nous mettons \u00e0 votre disposition diff\u00e9rent moyen d&rsquo;\u00e9tudes Biblique\u202f; qu&rsquo;il s&rsquo;agisse de grands th\u00e8mes doctrinaux, de la proph\u00e9tie biblique ou de l&rsquo;histoire de l&rsquo;humanit\u00e9. Vous pouvez aussi trouver des r\u00e9ponses pour faire face aux probl\u00e8mes et aux d\u00e9fis auxquels vous \u00eates confront\u00e9s chaque jour. Pour commencer \u00e0 utiliser ces guides d&rsquo;\u00e9tude biblique gratuits, il vous suffit de &hellip; Continue reading","og_url":"https:\/\/dernieremarche.com\/en\/etudes-biblique\/","og_site_name":"Derni\u00e8re Marche","article_modified_time":"2026-02-15T11:29:33+00:00","og_image":[{"width":1280,"height":854,"url":"https:\/\/dernieremarche.com\/wp-content\/uploads\/2025\/04\/people-2604165_1280.jpg","type":"image\/jpeg"}],"twitter_card":"summary_large_image","twitter_site":"@msgpournotretps","twitter_misc":{"Estimated reading time":"3 minutes"},"schema":{"@context":"https:\/\/schema.org","@graph":[{"@type":"WebPage","@id":"https:\/\/dernieremarche.com\/etudes-biblique\/","url":"https:\/\/dernieremarche.com\/etudes-biblique\/","name":"\u00c9tudes Biblique - Derni\u00e8re Marche","isPartOf":{"@id":"https:\/\/dernieremarche.com\/#website"},"primaryImageOfPage":{"@id":"https:\/\/dernieremarche.com\/etudes-biblique\/#primaryimage"},"image":{"@id":"https:\/\/dernieremarche.com\/etudes-biblique\/#primaryimage"},"thumbnailUrl":"https:\/\/dernieremarche.com\/wp-content\/uploads\/2025\/04\/people-2604165_1280.jpg","datePublished":"2025-04-21T17:45:53+00:00","dateModified":"2026-02-15T11:29:33+00:00","breadcrumb":{"@id":"https:\/\/dernieremarche.com\/etudes-biblique\/#breadcrumb"},"inLanguage":"en-GB","potentialAction":[{"@type":"ReadAction","target":["https:\/\/dernieremarche.com\/etudes-biblique\/"]}]},{"@type":"ImageObject","inLanguage":"en-GB","@id":"https:\/\/dernieremarche.com\/etudes-biblique\/#primaryimage","url":"https:\/\/dernieremarche.com\/wp-content\/uploads\/2025\/04\/people-2604165_1280.jpg","contentUrl":"https:\/\/dernieremarche.com\/wp-content\/uploads\/2025\/04\/people-2604165_1280.jpg","width":1280,"height":854},{"@type":"BreadcrumbList","@id":"https:\/\/dernieremarche.com\/etudes-biblique\/#breadcrumb","itemListElement":[{"@type":"ListItem","position":1,"name":"Accueil","item":"https:\/\/dernieremarche.com\/"},{"@type":"ListItem","position":2,"name":"\u00c9tudes Biblique"}]},{"@type":"WebSite","@id":"https:\/\/dernieremarche.com\/#website","url":"https:\/\/dernieremarche.com\/","name":"Derni\u00e8re Marche","description":"&quot;Le juste vivra par la foi&quot; - Romains 1:17","publisher":{"@id":"https:\/\/dernieremarche.com\/#organization"},"potentialAction":[{"@type":"SearchAction","target":{"@type":"EntryPoint","urlTemplate":"https:\/\/dernieremarche.com\/?s={search_term_string}"},"query-input":{"@type":"PropertyValueSpecification","valueRequired":true,"valueName":"search_term_string"}}],"inLanguage":"en-GB"},{"@type":"Organization","@id":"https:\/\/dernieremarche.com\/#organization","name":"Derni\u00e8re Marche","url":"https:\/\/dernieremarche.com\/","logo":{"@type":"ImageObject","inLanguage":"en-GB","@id":"https:\/\/dernieremarche.com\/#\/schema\/logo\/image\/","url":"https:\/\/dernieremarche.com\/wp-content\/uploads\/2025\/11\/cropped-Gemini_Generated_Image_561h5x561h5x561h-e1763812583468.png","contentUrl":"https:\/\/dernieremarche.com\/wp-content\/uploads\/2025\/11\/cropped-Gemini_Generated_Image_561h5x561h5x561h-e1763812583468.png","width":92,"height":80,"caption":"Derni\u00e8re Marche"},"image":{"@id":"https:\/\/dernieremarche.com\/#\/schema\/logo\/image\/"},"sameAs":["https:\/\/x.com\/msgpournotretps","https:\/\/www.youtube.com\/channel\/UCS9h9sfUuHTTw1j42P1r0jQ?view_as=subscriber"]}]}},"uagb_featured_image_src":{"full":["https:\/\/dernieremarche.com\/wp-content\/uploads\/2025\/04\/people-2604165_1280.jpg",1280,854,false],"thumbnail":["https:\/\/dernieremarche.com\/wp-content\/uploads\/2025\/04\/people-2604165_1280-150x150.jpg",150,150,true],"medium":["https:\/\/dernieremarche.com\/wp-content\/uploads\/2025\/04\/people-2604165_1280-300x200.jpg",300,200,true],"medium_large":["https:\/\/dernieremarche.com\/wp-content\/uploads\/2025\/04\/people-2604165_1280-768x512.jpg",768,512,true],"large":["https:\/\/dernieremarche.com\/wp-content\/uploads\/2025\/04\/people-2604165_1280-1024x683.jpg",1024,683,true],"1536x1536":["https:\/\/dernieremarche.com\/wp-content\/uploads\/2025\/04\/people-2604165_1280.jpg",1280,854,false],"2048x2048":["https:\/\/dernieremarche.com\/wp-content\/uploads\/2025\/04\/people-2604165_1280.jpg",1280,854,false],"trp-custom-language-flag":["https:\/\/dernieremarche.com\/wp-content\/uploads\/2025\/04\/people-2604165_1280-18x12.jpg",18,12,true],"fold-featured-image":["https:\/\/dernieremarche.com\/wp-content\/uploads\/2025\/04\/people-2604165_1280.jpg",1280,854,false],"fold-thumbnail-avatar":["https:\/\/dernieremarche.com\/wp-content\/uploads\/2025\/04\/people-2604165_1280.jpg",90,60,false],"tenweb_optimizer_mobile":["https:\/\/dernieremarche.com\/wp-content\/uploads\/2025\/04\/people-2604165_1280.jpg",600,400,false],"tenweb_optimizer_tablet":["https:\/\/dernieremarche.com\/wp-content\/uploads\/2025\/04\/people-2604165_1280.jpg",768,512,false]},"uagb_author_info":{"display_name":"admin6525","author_link":"https:\/\/dernieremarche.com\/en\/author\/admin6525\/"},"uagb_comment_info":0,"uagb_excerpt":"Derni\u00e8re Marche et notre Seigneur J\u00e9sus souhaitons vous aider \u00e0 mieux comprendre la Bible. C&rsquo;est pour cela que nous mettons \u00e0 votre disposition diff\u00e9rent moyen d&rsquo;\u00e9tudes Biblique\u202f; qu&rsquo;il s&rsquo;agisse de grands th\u00e8mes doctrinaux, de la proph\u00e9tie biblique ou de l&rsquo;histoire de l&rsquo;humanit\u00e9. Vous pouvez aussi trouver des r\u00e9ponses pour faire face aux probl\u00e8mes et aux&hellip;","jetpack_sharing_enabled":true,"_links":{"self":[{"href":"https:\/\/dernieremarche.com\/en\/wp-json\/wp\/v2\/pages\/3775","targetHints":{"allow":["GET"]}}],"collection":[{"href":"https:\/\/dernieremarche.com\/en\/wp-json\/wp\/v2\/pages"}],"about":[{"href":"https:\/\/dernieremarche.com\/en\/wp-json\/wp\/v2\/types\/page"}],"author":[{"embeddable":true,"href":"https:\/\/dernieremarche.com\/en\/wp-json\/wp\/v2\/users\/1"}],"replies":[{"embeddable":true,"href":"https:\/\/dernieremarche.com\/en\/wp-json\/wp\/v2\/comments?post=3775"}],"version-history":[{"count":3,"href":"https:\/\/dernieremarche.com\/en\/wp-json\/wp\/v2\/pages\/3775\/revisions"}],"predecessor-version":[{"id":5040,"href":"https:\/\/dernieremarche.com\/en\/wp-json\/wp\/v2\/pages\/3775\/revisions\/5040"}],"wp:featuredmedia":[{"embeddable":true,"href":"https:\/\/dernieremarche.com\/en\/wp-json\/wp\/v2\/media\/3777"}],"wp:attachment":[{"href":"https:\/\/dernieremarche.com\/en\/wp-json\/wp\/v2\/media?parent=3775"}],"curies":[{"name":"wp","href":"https:\/\/api.w.org\/{rel}","templated":true}]}}